{"id":5486,"date":"2025-04-09T09:47:22","date_gmt":"2025-04-09T09:47:22","guid":{"rendered":"https:\/\/www.soundmanager-vst-host.com\/?page_id=5486"},"modified":"2026-01-12T17:30:02","modified_gmt":"2026-01-12T17:30:02","slug":"hierarchical-structure","status":"publish","type":"page","link":"https:\/\/www.soundmanager-vst-host.com\/en\/hierarchical-structure\/","title":{"rendered":"Hierarchical Structure"},"content":{"rendered":"<p><div class=\"fusion-fullwidth fullwidth-box fusion-builder-row-1 fusion-flex-container has-pattern-background has-mask-background nonhundred-percent-fullwidth non-hundred-percent-height-scrolling\" style=\"--awb-border-radius-top-left:0px;--awb-border-radius-top-right:0px;--awb-border-radius-bottom-right:0px;--awb-border-radius-bottom-left:0px;--awb-padding-top:10px;--awb-padding-bottom:10px;--awb-padding-right-small:15px;--awb-padding-left-small:15px;--awb-background-color:var(--awb-color6);--awb-flex-wrap:wrap;\" ><div class=\"fusion-builder-row fusion-row fusion-flex-align-items-flex-start fusion-flex-content-wrap\" style=\"max-width:1248px;margin-left: calc(-4% \/ 2 );margin-right: calc(-4% \/ 2 );\"><div class=\"fusion-layout-column fusion_builder_column fusion-builder-column-0 fusion_builder_column_1_1 1_1 fusion-flex-column\" style=\"--awb-bg-size:cover;--awb-width-large:100%;--awb-margin-top-large:0px;--awb-spacing-right-large:1.92%;--awb-margin-bottom-large:0px;--awb-spacing-left-large:1.92%;--awb-width-medium:100%;--awb-order-medium:0;--awb-spacing-right-medium:1.92%;--awb-spacing-left-medium:1.92%;--awb-width-small:100%;--awb-order-small:0;--awb-spacing-right-small:1.92%;--awb-spacing-left-small:1.92%;\" data-scroll-devices=\"small-visibility,medium-visibility,large-visibility\"><div class=\"fusion-column-wrapper fusion-column-has-shadow fusion-flex-justify-content-flex-start fusion-content-layout-column\"><div class=\"fusion-title title fusion-title-1 fusion-sep-none fusion-title-center fusion-title-text fusion-title-size-one fusion-has-text-overflow\" style=\"--awb-text-color:var(--awb-color2);--awb-margin-top:0px;--awb-margin-bottom:0px;--awb-font-size:35px;--awb-text-overflow:ellipsis;\"><h1 class=\"fusion-title-heading title-heading-center\" style=\"margin:0;font-size:1em;text-transform:none;\"><h1>Hierarchical Structure<\/h1><\/h1><\/div><\/div><\/div><\/div><\/div><div class=\"fusion-fullwidth fullwidth-box fusion-builder-row-2 fusion-flex-container has-pattern-background has-mask-background fusion-parallax-none nonhundred-percent-fullwidth non-hundred-percent-height-scrolling lazyload\" style=\"--awb-border-radius-top-left:0px;--awb-border-radius-top-right:0px;--awb-border-radius-bottom-right:0px;--awb-border-radius-bottom-left:0px;--awb-padding-top:40px;--awb-padding-bottom:40px;--awb-padding-right-small:15px;--awb-padding-left-small:15px;--awb-background-color:var(--awb-color6);--awb-background-size:cover;--awb-flex-wrap:wrap;\" data-bg=\"https:\/\/www.soundmanager-vst-host.com\/wp-content\/uploads\/2025\/04\/KompleteKontrol3Transparent-1024x683.jpg\" ><div class=\"fusion-builder-row fusion-row fusion-flex-align-items-flex-start fusion-flex-content-wrap\" style=\"max-width:1248px;margin-left: calc(-4% \/ 2 );margin-right: calc(-4% \/ 2 );\"><div class=\"fusion-layout-column fusion_builder_column fusion-builder-column-1 fusion_builder_column_1_4 1_4 fusion-flex-column\" style=\"--awb-overflow:hidden;--awb-bg-color:rgba(235,236,235,0);--awb-bg-color-hover:rgba(235,236,235,0);--awb-bg-blend:luminosity;--awb-bg-size:cover;--awb-border-radius:6px 6px 6px 6px;--awb-width-large:25%;--awb-margin-top-large:0px;--awb-spacing-right-large:2.304%;--awb-margin-bottom-large:0px;--awb-spacing-left-large:2.304%;--awb-width-medium:25%;--awb-order-medium:0;--awb-spacing-right-medium:2.304%;--awb-spacing-left-medium:2.304%;--awb-width-small:100%;--awb-order-small:0;--awb-spacing-right-small:1.92%;--awb-margin-bottom-small:30px;--awb-spacing-left-small:1.92%;\" data-scroll-devices=\"small-visibility,medium-visibility,large-visibility\"><div class=\"fusion-column-wrapper fusion-column-has-shadow fusion-flex-justify-content-flex-start fusion-content-layout-column\"><div class=\"fusion-image-element\" style=\"text-align:center;--awb-margin-top:0px;--awb-margin-right:0px;--awb-margin-bottom:0px;--awb-margin-left:0px;--awb-caption-title-font-family:var(--h2_typography-font-family);--awb-caption-title-font-weight:var(--h2_typography-font-weight);--awb-caption-title-font-style:var(--h2_typography-font-style);--awb-caption-title-size:var(--h2_typography-font-size);--awb-caption-title-transform:var(--h2_typography-text-transform);--awb-caption-title-line-height:var(--h2_typography-line-height);--awb-caption-title-letter-spacing:var(--h2_typography-letter-spacing);\"><span class=\"fusion-imageframe imageframe-none imageframe-1 hover-type-none cornersround\"><img decoding=\"async\" width=\"374\" height=\"980\" alt=\"Hierarchical Structure\" title=\"Hierarchical Structure\" src=\"https:\/\/www.soundmanager-vst-host.com\/wp-content\/uploads\/2025\/04\/TreeView.png\" data-orig-src=\"https:\/\/www.soundmanager-vst-host.com\/wp-content\/uploads\/2025\/04\/TreeView.png\" class=\"lazyload img-responsive wp-image-5474\" srcset=\"data:image\/svg+xml,%3Csvg%20xmlns%3D%27http%3A%2F%2Fwww.w3.org%2F2000%2Fsvg%27%20width%3D%27374%27%20height%3D%27980%27%20viewBox%3D%270%200%20374%20980%27%3E%3Crect%20width%3D%27374%27%20height%3D%27980%27%20fill-opacity%3D%220%22%2F%3E%3C%2Fsvg%3E\" data-srcset=\"https:\/\/www.soundmanager-vst-host.com\/wp-content\/uploads\/2025\/04\/TreeView-200x524.png 200w, https:\/\/www.soundmanager-vst-host.com\/wp-content\/uploads\/2025\/04\/TreeView.png 374w\" data-sizes=\"auto\" data-orig-sizes=\"(max-width: 640px) 100vw, 374px\" \/><\/span><\/div><\/div><\/div><div class=\"fusion-layout-column fusion_builder_column fusion-builder-column-2 fusion_builder_column_3_4 3_4 fusion-flex-column\" style=\"--awb-padding-top:30px;--awb-padding-right:30px;--awb-padding-left:30px;--awb-overflow:hidden;--awb-bg-color:rgba(255,255,255,0.63);--awb-bg-color-hover:rgba(255,255,255,0.63);--awb-bg-size:cover;--awb-box-shadow:0px 10px 30px 0px rgba(0,0,0,0.53);;--awb-border-radius:6px 6px 6px 6px;--awb-width-large:75%;--awb-margin-top-large:0px;--awb-spacing-right-large:0.768%;--awb-margin-bottom-large:0px;--awb-spacing-left-large:0.768%;--awb-width-medium:75%;--awb-order-medium:0;--awb-spacing-right-medium:0.768%;--awb-spacing-left-medium:0.768%;--awb-width-small:100%;--awb-order-small:0;--awb-spacing-right-small:1.92%;--awb-margin-bottom-small:30px;--awb-spacing-left-small:1.92%;\" data-scroll-devices=\"small-visibility,medium-visibility,large-visibility\"><div class=\"fusion-column-wrapper fusion-column-has-shadow fusion-flex-justify-content-flex-start fusion-content-layout-column\"><div class=\"fusion-text fusion-text-1\" style=\"--awb-text-color:var(--awb-color8);\"><p>Organize your VST plugins with setlists for live performances\u2014so you can instantly access your sounds on stage.<\/p>\n<p class=\"translation-block\">The left pane contains a selection field and a hierarchical structure where you can add and manage elements for your VST plugins. You can then define the desired signal flow for each song in the <a href=\"https:\/\/www.soundmanager-vst-host.com\/en\/midi-vst-plugins-audio\/\" target=\"_self\"><strong>routing area<\/strong><\/a>.<\/p>\n<p>The selection field allows you to choose whether you want to create a structure for live performances or a free structure.<\/p>\n<p>Below the selection field, you can add and manage bands, setlists, songs, and song parts (or projects, categories, sounds, and sound variants in the free structure).<\/p>\n<p class=\"translation-block\"><strong>Copying and cutting tree elements:<\/strong> Tree elements can be copied or cut together with their entire associated routing area. This can be done via the context menu by right-clicking on the tree element or via the main menu under <em>Structure Elements<\/em>. This allows you to efficiently duplicate or move entire setups. After copying or cutting a tree element, select the desired parent element where you want to paste it.<\/p>\n<\/div><\/div><\/div><\/div><\/div><\/p>","protected":false},"excerpt":{"rendered":"","protected":false},"author":1,"featured_media":0,"parent":0,"menu_order":0,"comment_status":"closed","ping_status":"open","template":"100-width.php","meta":{"footnotes":""},"class_list":["post-5486","page","type-page","status-publish","hentry"],"yoast_head":"<!-- This site is optimized with the Yoast SEO plugin v24.9 - https:\/\/yoast.com\/wordpress\/plugins\/seo\/ -->\n<title>VST-Plugins - Organisation mit Selisten f\u00fcr Live-Performances<\/title>\n<meta name=\"description\" content=\"Organisiere deine VST-Plugins mit Setlisten f\u00fcr Live-Auftritte - damit du deine Sounds auf der B\u00fchne sofort abrufbereit hast.\" \/>\n<meta name=\"robots\" content=\"index, follow, max-snippet:-1, max-image-preview:large, max-video-preview:-1\" \/>\n<link rel=\"canonical\" href=\"https:\/\/www.soundmanager-vst-host.com\/en\/hierarchical-structure\/\" \/>\n<meta property=\"og:locale\" content=\"en_US\" \/>\n<meta property=\"og:type\" content=\"article\" \/>\n<meta property=\"og:title\" content=\"VST-Plugins - Organisation mit Selisten f\u00fcr Live-Performances\" \/>\n<meta property=\"og:description\" content=\"Organisiere deine VST-Plugins mit Setlisten f\u00fcr Live-Auftritte - damit du deine Sounds auf der B\u00fchne sofort abrufbereit hast.\" \/>\n<meta property=\"og:url\" content=\"https:\/\/www.soundmanager-vst-host.com\/en\/hierarchical-structure\/\" \/>\n<meta property=\"og:site_name\" content=\"VST Host f\u00fcr Live Performances - SoundManager VST Host\" \/>\n<meta property=\"article:modified_time\" content=\"2026-01-12T17:30:02+00:00\" \/>\n<meta name=\"twitter:card\" content=\"summary_large_image\" \/>\n<meta name=\"twitter:label1\" content=\"Est. reading time\" \/>\n\t<meta name=\"twitter:data1\" content=\"2 minutes\" \/>\n<script type=\"application\/ld+json\" class=\"yoast-schema-graph\">{\"@context\":\"https:\/\/schema.org\",\"@graph\":[{\"@type\":\"WebPage\",\"@id\":\"https:\/\/www.soundmanager-vst-host.com\/hierarchical-structure\/\",\"url\":\"https:\/\/www.soundmanager-vst-host.com\/hierarchical-structure\/\",\"name\":\"VST-Plugins - Organisation mit Selisten f\u00fcr Live-Performances\",\"isPartOf\":{\"@id\":\"https:\/\/www.soundmanager-vst-host.com\/#website\"},\"datePublished\":\"2025-04-09T09:47:22+00:00\",\"dateModified\":\"2026-01-12T17:30:02+00:00\",\"description\":\"Organisiere deine VST-Plugins mit Setlisten f\u00fcr Live-Auftritte - damit du deine Sounds auf der B\u00fchne sofort abrufbereit hast.\",\"breadcrumb\":{\"@id\":\"https:\/\/www.soundmanager-vst-host.com\/hierarchical-structure\/#breadcrumb\"},\"inLanguage\":\"en-US\",\"potentialAction\":[{\"@type\":\"ReadAction\",\"target\":[\"https:\/\/www.soundmanager-vst-host.com\/hierarchical-structure\/\"]}]},{\"@type\":\"BreadcrumbList\",\"@id\":\"https:\/\/www.soundmanager-vst-host.com\/hierarchical-structure\/#breadcrumb\",\"itemListElement\":[{\"@type\":\"ListItem\",\"position\":1,\"name\":\"Startseite\",\"item\":\"https:\/\/www.soundmanager-vst-host.com\/\"},{\"@type\":\"ListItem\",\"position\":2,\"name\":\"Hierarchical Structure\"}]},{\"@type\":\"WebSite\",\"@id\":\"https:\/\/www.soundmanager-vst-host.com\/#website\",\"url\":\"https:\/\/www.soundmanager-vst-host.com\/\",\"name\":\"SoundManager VST Host\",\"description\":\"Studio Sound - Live On Stage\",\"potentialAction\":[{\"@type\":\"SearchAction\",\"target\":{\"@type\":\"EntryPoint\",\"urlTemplate\":\"https:\/\/www.soundmanager-vst-host.com\/?s={search_term_string}\"},\"query-input\":{\"@type\":\"PropertyValueSpecification\",\"valueRequired\":true,\"valueName\":\"search_term_string\"}}],\"inLanguage\":\"en-US\"}]}<\/script>\n<!-- \/ Yoast SEO plugin. -->","yoast_head_json":{"title":"VST-Plugins - Organisation mit Selisten f\u00fcr Live-Performances","description":"Organisiere deine VST-Plugins mit Setlisten f\u00fcr Live-Auftritte - damit du deine Sounds auf der B\u00fchne sofort abrufbereit hast.","robots":{"index":"index","follow":"follow","max-snippet":"max-snippet:-1","max-image-preview":"max-image-preview:large","max-video-preview":"max-video-preview:-1"},"canonical":"https:\/\/www.soundmanager-vst-host.com\/en\/hierarchical-structure\/","og_locale":"en_US","og_type":"article","og_title":"VST-Plugins - Organisation mit Selisten f\u00fcr Live-Performances","og_description":"Organisiere deine VST-Plugins mit Setlisten f\u00fcr Live-Auftritte - damit du deine Sounds auf der B\u00fchne sofort abrufbereit hast.","og_url":"https:\/\/www.soundmanager-vst-host.com\/en\/hierarchical-structure\/","og_site_name":"VST Host f\u00fcr Live Performances - SoundManager VST Host","article_modified_time":"2026-01-12T17:30:02+00:00","twitter_card":"summary_large_image","twitter_misc":{"Est. reading time":"2 minutes"},"schema":{"@context":"https:\/\/schema.org","@graph":[{"@type":"WebPage","@id":"https:\/\/www.soundmanager-vst-host.com\/hierarchical-structure\/","url":"https:\/\/www.soundmanager-vst-host.com\/hierarchical-structure\/","name":"VST-Plugins - Organisation mit Selisten f\u00fcr Live-Performances","isPartOf":{"@id":"https:\/\/www.soundmanager-vst-host.com\/#website"},"datePublished":"2025-04-09T09:47:22+00:00","dateModified":"2026-01-12T17:30:02+00:00","description":"Organisiere deine VST-Plugins mit Setlisten f\u00fcr Live-Auftritte - damit du deine Sounds auf der B\u00fchne sofort abrufbereit hast.","breadcrumb":{"@id":"https:\/\/www.soundmanager-vst-host.com\/hierarchical-structure\/#breadcrumb"},"inLanguage":"en-US","potentialAction":[{"@type":"ReadAction","target":["https:\/\/www.soundmanager-vst-host.com\/hierarchical-structure\/"]}]},{"@type":"BreadcrumbList","@id":"https:\/\/www.soundmanager-vst-host.com\/hierarchical-structure\/#breadcrumb","itemListElement":[{"@type":"ListItem","position":1,"name":"Startseite","item":"https:\/\/www.soundmanager-vst-host.com\/"},{"@type":"ListItem","position":2,"name":"Hierarchical Structure"}]},{"@type":"WebSite","@id":"https:\/\/www.soundmanager-vst-host.com\/#website","url":"https:\/\/www.soundmanager-vst-host.com\/","name":"SoundManager VST Host","description":"Studio Sound - Live On Stage","potentialAction":[{"@type":"SearchAction","target":{"@type":"EntryPoint","urlTemplate":"https:\/\/www.soundmanager-vst-host.com\/?s={search_term_string}"},"query-input":{"@type":"PropertyValueSpecification","valueRequired":true,"valueName":"search_term_string"}}],"inLanguage":"en-US"}]}},"_links":{"self":[{"href":"https:\/\/www.soundmanager-vst-host.com\/en\/wp-json\/wp\/v2\/pages\/5486","targetHints":{"allow":["GET"]}}],"collection":[{"href":"https:\/\/www.soundmanager-vst-host.com\/en\/wp-json\/wp\/v2\/pages"}],"about":[{"href":"https:\/\/www.soundmanager-vst-host.com\/en\/wp-json\/wp\/v2\/types\/page"}],"author":[{"embeddable":true,"href":"https:\/\/www.soundmanager-vst-host.com\/en\/wp-json\/wp\/v2\/users\/1"}],"replies":[{"embeddable":true,"href":"https:\/\/www.soundmanager-vst-host.com\/en\/wp-json\/wp\/v2\/comments?post=5486"}],"version-history":[{"count":103,"href":"https:\/\/www.soundmanager-vst-host.com\/en\/wp-json\/wp\/v2\/pages\/5486\/revisions"}],"predecessor-version":[{"id":6213,"href":"https:\/\/www.soundmanager-vst-host.com\/en\/wp-json\/wp\/v2\/pages\/5486\/revisions\/6213"}],"wp:attachment":[{"href":"https:\/\/www.soundmanager-vst-host.com\/en\/wp-json\/wp\/v2\/media?parent=5486"}],"curies":[{"name":"wp","href":"https:\/\/api.w.org\/{rel}","templated":true}]}}