{"id":5521,"date":"2025-04-09T13:30:22","date_gmt":"2025-04-09T13:30:22","guid":{"rendered":"https:\/\/www.soundmanager-vst-host.com\/?page_id=5521"},"modified":"2026-04-16T16:45:30","modified_gmt":"2026-04-16T16:45:30","slug":"midi-vst-plugins-audio","status":"publish","type":"page","link":"https:\/\/www.soundmanager-vst-host.com\/en\/midi-vst-plugins-audio\/","title":{"rendered":"Routing Area"},"content":{"rendered":"<p><div class=\"fusion-fullwidth fullwidth-box fusion-builder-row-1 fusion-flex-container has-pattern-background has-mask-background nonhundred-percent-fullwidth non-hundred-percent-height-scrolling\" style=\"--awb-border-radius-top-left:0px;--awb-border-radius-top-right:0px;--awb-border-radius-bottom-right:0px;--awb-border-radius-bottom-left:0px;--awb-padding-top:10px;--awb-padding-bottom:10px;--awb-padding-right-small:15px;--awb-padding-left-small:15px;--awb-background-color:var(--awb-color6);--awb-flex-wrap:wrap;\" ><div class=\"fusion-builder-row fusion-row fusion-flex-align-items-flex-start fusion-flex-content-wrap\" style=\"max-width:1248px;margin-left: calc(-4% \/ 2 );margin-right: calc(-4% \/ 2 );\"><div class=\"fusion-layout-column fusion_builder_column fusion-builder-column-0 fusion_builder_column_1_1 1_1 fusion-flex-column\" style=\"--awb-bg-size:cover;--awb-width-large:100%;--awb-margin-top-large:0px;--awb-spacing-right-large:1.92%;--awb-margin-bottom-large:0px;--awb-spacing-left-large:1.92%;--awb-width-medium:100%;--awb-order-medium:0;--awb-spacing-right-medium:1.92%;--awb-spacing-left-medium:1.92%;--awb-width-small:100%;--awb-order-small:0;--awb-spacing-right-small:1.92%;--awb-spacing-left-small:1.92%;\" data-scroll-devices=\"small-visibility,medium-visibility,large-visibility\"><div class=\"fusion-column-wrapper fusion-column-has-shadow fusion-flex-justify-content-flex-start fusion-content-layout-column\"><div class=\"fusion-title title fusion-title-1 fusion-sep-none fusion-title-center fusion-title-text fusion-title-size-one fusion-has-text-overflow\" style=\"--awb-text-color:var(--awb-color2);--awb-margin-top:0px;--awb-margin-bottom:0px;--awb-font-size:35px;--awb-text-overflow:ellipsis;\"><h1 class=\"fusion-title-heading title-heading-center\" style=\"margin:0;font-size:1em;text-transform:none;\"><h1>VST Plugins, MIDI and Audio Devices<\/h1><\/h1><\/div><\/div><\/div><\/div><\/div><div class=\"fusion-fullwidth fullwidth-box fusion-builder-row-2 fusion-flex-container has-pattern-background has-mask-background fusion-parallax-none nonhundred-percent-fullwidth non-hundred-percent-height-scrolling lazyload\" style=\"--awb-border-radius-top-left:0px;--awb-border-radius-top-right:0px;--awb-border-radius-bottom-right:0px;--awb-border-radius-bottom-left:0px;--awb-padding-top:40px;--awb-padding-bottom:40px;--awb-padding-right-small:15px;--awb-padding-left-small:15px;--awb-background-color:var(--awb-color6);--awb-background-size:cover;--awb-flex-wrap:wrap;\" data-bg=\"https:\/\/www.soundmanager-vst-host.com\/wp-content\/uploads\/2025\/04\/KompleteKontrol3Transparent-300x200.jpg\" ><div class=\"fusion-builder-row fusion-row fusion-flex-align-items-flex-start fusion-flex-content-wrap\" style=\"max-width:1248px;margin-left: calc(-4% \/ 2 );margin-right: calc(-4% \/ 2 );\"><div class=\"fusion-layout-column fusion_builder_column fusion-builder-column-1 fusion_builder_column_1_2 1_2 fusion-flex-column\" style=\"--awb-padding-right:30px;--awb-padding-left:30px;--awb-overflow:hidden;--awb-bg-color:rgba(226,226,226,0);--awb-bg-color-hover:rgba(226,226,226,0);--awb-bg-blend:luminosity;--awb-bg-size:cover;--awb-border-radius:6px 6px 6px 6px;--awb-width-large:50%;--awb-margin-top-large:0px;--awb-spacing-right-large:1.152%;--awb-margin-bottom-large:0px;--awb-spacing-left-large:1.152%;--awb-width-medium:50%;--awb-order-medium:0;--awb-spacing-right-medium:1.152%;--awb-spacing-left-medium:1.152%;--awb-width-small:100%;--awb-order-small:0;--awb-spacing-right-small:1.92%;--awb-margin-bottom-small:30px;--awb-spacing-left-small:1.92%;\" data-scroll-devices=\"small-visibility,medium-visibility,large-visibility\"><div class=\"fusion-column-wrapper fusion-column-has-shadow fusion-flex-justify-content-flex-start fusion-content-layout-column\"><div class=\"fusion-image-element\" style=\"text-align:center;--awb-margin-top:0px;--awb-caption-title-font-family:var(--h2_typography-font-family);--awb-caption-title-font-weight:var(--h2_typography-font-weight);--awb-caption-title-font-style:var(--h2_typography-font-style);--awb-caption-title-size:var(--h2_typography-font-size);--awb-caption-title-transform:var(--h2_typography-text-transform);--awb-caption-title-line-height:var(--h2_typography-line-height);--awb-caption-title-letter-spacing:var(--h2_typography-letter-spacing);\"><span class=\"fusion-imageframe imageframe-none imageframe-1 hover-type-none cornersround\"><img decoding=\"async\" width=\"1024\" height=\"788\" alt=\"SoundManager Routing-Bereich \u2013 MIDI-Controller, VST Plugins und Audio-Signalfluss\" title=\"SoundManager Routing-Bereich \u2013 MIDI-Controller, VST Plugins und Audio-Signalfluss\" src=\"https:\/\/www.soundmanager-vst-host.com\/wp-content\/uploads\/2025\/04\/RoutingAreaAndMixingConsole.png\" data-orig-src=\"https:\/\/www.soundmanager-vst-host.com\/wp-content\/uploads\/2025\/04\/RoutingAreaAndMixingConsole-1024x788.png\" class=\"lazyload img-responsive wp-image-5437\" srcset=\"data:image\/svg+xml,%3Csvg%20xmlns%3D%27http%3A%2F%2Fwww.w3.org%2F2000%2Fsvg%27%20width%3D%271273%27%20height%3D%27980%27%20viewBox%3D%270%200%201273%20980%27%3E%3Crect%20width%3D%271273%27%20height%3D%27980%27%20fill-opacity%3D%220%22%2F%3E%3C%2Fsvg%3E\" data-srcset=\"https:\/\/www.soundmanager-vst-host.com\/wp-content\/uploads\/2025\/04\/RoutingAreaAndMixingConsole-200x154.png 200w, https:\/\/www.soundmanager-vst-host.com\/wp-content\/uploads\/2025\/04\/RoutingAreaAndMixingConsole-400x308.png 400w, https:\/\/www.soundmanager-vst-host.com\/wp-content\/uploads\/2025\/04\/RoutingAreaAndMixingConsole-600x462.png 600w, https:\/\/www.soundmanager-vst-host.com\/wp-content\/uploads\/2025\/04\/RoutingAreaAndMixingConsole-800x616.png 800w, https:\/\/www.soundmanager-vst-host.com\/wp-content\/uploads\/2025\/04\/RoutingAreaAndMixingConsole-1200x924.png 1200w, https:\/\/www.soundmanager-vst-host.com\/wp-content\/uploads\/2025\/04\/RoutingAreaAndMixingConsole.png 1273w\" data-sizes=\"auto\" data-orig-sizes=\"(max-width: 640px) 100vw, 600px\" \/><\/span><\/div><\/div><\/div><div class=\"fusion-layout-column fusion_builder_column fusion-builder-column-2 fusion_builder_column_1_2 1_2 fusion-flex-column\" style=\"--awb-padding-top:30px;--awb-padding-right:30px;--awb-padding-left:30px;--awb-overflow:hidden;--awb-bg-color:rgba(255,255,255,0.63);--awb-bg-color-hover:rgba(255,255,255,0.63);--awb-bg-size:cover;--awb-box-shadow:0px 10px 30px 0px rgba(0,0,0,0.53);;--awb-border-radius:6px 6px 6px 6px;--awb-width-large:50%;--awb-margin-top-large:0px;--awb-spacing-right-large:1.152%;--awb-margin-bottom-large:0px;--awb-spacing-left-large:1.152%;--awb-width-medium:50%;--awb-order-medium:0;--awb-spacing-right-medium:1.152%;--awb-spacing-left-medium:1.152%;--awb-width-small:100%;--awb-order-small:0;--awb-spacing-right-small:1.92%;--awb-margin-bottom-small:30px;--awb-spacing-left-small:1.92%;\" data-scroll-devices=\"small-visibility,medium-visibility,large-visibility\"><div class=\"fusion-column-wrapper fusion-column-has-shadow fusion-flex-justify-content-flex-start fusion-content-layout-column\"><div class=\"fusion-text fusion-text-1\" style=\"--awb-text-color:var(--awb-color8);\"><p>MIDI controllers, VST plugins, and audio devices can be connected to each other in the routing section to create the desired signal flow.<\/p>\n<p>This area enables flexible routing and a visual representation of the signal path. In the routing area, plugins, MIDI controllers, and the ASIO driver are displayed as icons with their respective connections.<\/p>\n<p class=\"translation-block\">Create your desired setup by dragging and dropping the icons from the <a href=\"https:\/\/www.soundmanager-vst-host.com\/en\/devices-and-plugins\/\" target=\"_self\"><strong>Devices and Plugins section<\/strong><\/a> into the <strong>Routing section<\/strong> or by adding them via the corresponding menu items. Since a separate routing area can be defined for each element in the hierarchical view, you can create special sound configurations for each song and song part.<\/p>\n<p>You can also use the plugin and MIDI icons to transpose and set key ranges for the plugin icons. This allows you to customize your MIDI controller and use different sounds in different areas of your keyboard.<\/p>\n<p>The mixing console is located below the routing area and displays a volume control for each loaded plugin, depending on the currently selected song or sound. This allows you to set your volume levels individually for each song or song part, or to specify solo and mute properties.<\/p>\n<\/div><\/div><\/div><\/div><\/div><\/p>","protected":false},"excerpt":{"rendered":"","protected":false},"author":1,"featured_media":0,"parent":0,"menu_order":0,"comment_status":"closed","ping_status":"open","template":"100-width.php","meta":{"footnotes":""},"class_list":["post-5521","page","type-page","status-publish","hentry"],"yoast_head":"<!-- This site is optimized with the Yoast SEO plugin v24.9 - https:\/\/yoast.com\/wordpress\/plugins\/seo\/ -->\n<title>VST-Plugins MIDI und Audioger\u00e4te<\/title>\n<meta name=\"description\" content=\"VST-Plugins, MIDI und Audioger\u00e4te k\u00f6nnen im Routing-Bereich miteinander verbunden werden, um den Signalfluss zu erstellen.\" \/>\n<meta name=\"robots\" content=\"index, follow, max-snippet:-1, max-image-preview:large, max-video-preview:-1\" \/>\n<link rel=\"canonical\" href=\"https:\/\/www.soundmanager-vst-host.com\/en\/midi-vst-plugins-audio\/\" \/>\n<meta property=\"og:locale\" content=\"en_US\" \/>\n<meta property=\"og:type\" content=\"article\" \/>\n<meta property=\"og:title\" content=\"VST-Plugins MIDI und Audioger\u00e4te\" \/>\n<meta property=\"og:description\" content=\"VST-Plugins, MIDI und Audioger\u00e4te k\u00f6nnen im Routing-Bereich miteinander verbunden werden, um den Signalfluss zu erstellen.\" \/>\n<meta property=\"og:url\" content=\"https:\/\/www.soundmanager-vst-host.com\/en\/midi-vst-plugins-audio\/\" \/>\n<meta property=\"og:site_name\" content=\"VST Host f\u00fcr Live Performances - SoundManager VST Host\" \/>\n<meta property=\"article:modified_time\" content=\"2026-04-16T16:45:30+00:00\" \/>\n<meta name=\"twitter:card\" content=\"summary_large_image\" \/>\n<meta name=\"twitter:label1\" content=\"Est. reading time\" \/>\n\t<meta name=\"twitter:data1\" content=\"2 minutes\" \/>\n<script type=\"application\/ld+json\" class=\"yoast-schema-graph\">{\"@context\":\"https:\/\/schema.org\",\"@graph\":[{\"@type\":\"WebPage\",\"@id\":\"https:\/\/www.soundmanager-vst-host.com\/midi-vst-plugins-audio\/\",\"url\":\"https:\/\/www.soundmanager-vst-host.com\/midi-vst-plugins-audio\/\",\"name\":\"VST-Plugins MIDI und Audioger\u00e4te\",\"isPartOf\":{\"@id\":\"https:\/\/www.soundmanager-vst-host.com\/#website\"},\"datePublished\":\"2025-04-09T13:30:22+00:00\",\"dateModified\":\"2026-04-16T16:45:30+00:00\",\"description\":\"VST-Plugins, MIDI und Audioger\u00e4te k\u00f6nnen im Routing-Bereich miteinander verbunden werden, um den Signalfluss zu erstellen.\",\"breadcrumb\":{\"@id\":\"https:\/\/www.soundmanager-vst-host.com\/midi-vst-plugins-audio\/#breadcrumb\"},\"inLanguage\":\"en-US\",\"potentialAction\":[{\"@type\":\"ReadAction\",\"target\":[\"https:\/\/www.soundmanager-vst-host.com\/midi-vst-plugins-audio\/\"]}]},{\"@type\":\"BreadcrumbList\",\"@id\":\"https:\/\/www.soundmanager-vst-host.com\/midi-vst-plugins-audio\/#breadcrumb\",\"itemListElement\":[{\"@type\":\"ListItem\",\"position\":1,\"name\":\"Startseite\",\"item\":\"https:\/\/www.soundmanager-vst-host.com\/\"},{\"@type\":\"ListItem\",\"position\":2,\"name\":\"Routing Area\"}]},{\"@type\":\"WebSite\",\"@id\":\"https:\/\/www.soundmanager-vst-host.com\/#website\",\"url\":\"https:\/\/www.soundmanager-vst-host.com\/\",\"name\":\"SoundManager VST Host\",\"description\":\"Studio Sound - Live On Stage\",\"potentialAction\":[{\"@type\":\"SearchAction\",\"target\":{\"@type\":\"EntryPoint\",\"urlTemplate\":\"https:\/\/www.soundmanager-vst-host.com\/?s={search_term_string}\"},\"query-input\":{\"@type\":\"PropertyValueSpecification\",\"valueRequired\":true,\"valueName\":\"search_term_string\"}}],\"inLanguage\":\"en-US\"}]}<\/script>\n<!-- \/ Yoast SEO plugin. -->","yoast_head_json":{"title":"VST Plugins, MIDI and Audio Devices","description":"VST-Plugins, MIDI und Audioger\u00e4te k\u00f6nnen im Routing-Bereich miteinander verbunden werden, um den Signalfluss zu erstellen.","robots":{"index":"index","follow":"follow","max-snippet":"max-snippet:-1","max-image-preview":"max-image-preview:large","max-video-preview":"max-video-preview:-1"},"canonical":"https:\/\/www.soundmanager-vst-host.com\/en\/midi-vst-plugins-audio\/","og_locale":"en_US","og_type":"article","og_title":"VST-Plugins MIDI und Audioger\u00e4te","og_description":"VST-Plugins, MIDI und Audioger\u00e4te k\u00f6nnen im Routing-Bereich miteinander verbunden werden, um den Signalfluss zu erstellen.","og_url":"https:\/\/www.soundmanager-vst-host.com\/en\/midi-vst-plugins-audio\/","og_site_name":"VST Host f\u00fcr Live Performances - SoundManager VST Host","article_modified_time":"2026-04-16T16:45:30+00:00","twitter_card":"summary_large_image","twitter_misc":{"Est. reading time":"2 minutes"},"schema":{"@context":"https:\/\/schema.org","@graph":[{"@type":"WebPage","@id":"https:\/\/www.soundmanager-vst-host.com\/midi-vst-plugins-audio\/","url":"https:\/\/www.soundmanager-vst-host.com\/midi-vst-plugins-audio\/","name":"VST Plugins, MIDI and Audio Devices","isPartOf":{"@id":"https:\/\/www.soundmanager-vst-host.com\/#website"},"datePublished":"2025-04-09T13:30:22+00:00","dateModified":"2026-04-16T16:45:30+00:00","description":"VST-Plugins, MIDI und Audioger\u00e4te k\u00f6nnen im Routing-Bereich miteinander verbunden werden, um den Signalfluss zu erstellen.","breadcrumb":{"@id":"https:\/\/www.soundmanager-vst-host.com\/midi-vst-plugins-audio\/#breadcrumb"},"inLanguage":"en-US","potentialAction":[{"@type":"ReadAction","target":["https:\/\/www.soundmanager-vst-host.com\/midi-vst-plugins-audio\/"]}]},{"@type":"BreadcrumbList","@id":"https:\/\/www.soundmanager-vst-host.com\/midi-vst-plugins-audio\/#breadcrumb","itemListElement":[{"@type":"ListItem","position":1,"name":"Startseite","item":"https:\/\/www.soundmanager-vst-host.com\/"},{"@type":"ListItem","position":2,"name":"Routing Area"}]},{"@type":"WebSite","@id":"https:\/\/www.soundmanager-vst-host.com\/#website","url":"https:\/\/www.soundmanager-vst-host.com\/","name":"SoundManager VST Host","description":"Studio Sound - Live On Stage","potentialAction":[{"@type":"SearchAction","target":{"@type":"EntryPoint","urlTemplate":"https:\/\/www.soundmanager-vst-host.com\/?s={search_term_string}"},"query-input":{"@type":"PropertyValueSpecification","valueRequired":true,"valueName":"search_term_string"}}],"inLanguage":"en-US"}]}},"_links":{"self":[{"href":"https:\/\/www.soundmanager-vst-host.com\/en\/wp-json\/wp\/v2\/pages\/5521","targetHints":{"allow":["GET"]}}],"collection":[{"href":"https:\/\/www.soundmanager-vst-host.com\/en\/wp-json\/wp\/v2\/pages"}],"about":[{"href":"https:\/\/www.soundmanager-vst-host.com\/en\/wp-json\/wp\/v2\/types\/page"}],"author":[{"embeddable":true,"href":"https:\/\/www.soundmanager-vst-host.com\/en\/wp-json\/wp\/v2\/users\/1"}],"replies":[{"embeddable":true,"href":"https:\/\/www.soundmanager-vst-host.com\/en\/wp-json\/wp\/v2\/comments?post=5521"}],"version-history":[{"count":50,"href":"https:\/\/www.soundmanager-vst-host.com\/en\/wp-json\/wp\/v2\/pages\/5521\/revisions"}],"predecessor-version":[{"id":6449,"href":"https:\/\/www.soundmanager-vst-host.com\/en\/wp-json\/wp\/v2\/pages\/5521\/revisions\/6449"}],"wp:attachment":[{"href":"https:\/\/www.soundmanager-vst-host.com\/en\/wp-json\/wp\/v2\/media?parent=5521"}],"curies":[{"name":"wp","href":"https:\/\/api.w.org\/{rel}","templated":true}]}}